{"id":170,"date":"2024-06-22T15:47:40","date_gmt":"2024-06-22T13:47:40","guid":{"rendered":"https:\/\/edelegant.eu\/?page_id=170"},"modified":"2024-11-03T20:42:17","modified_gmt":"2024-11-03T19:42:17","slug":"agb-fuer-verbraucher","status":"publish","type":"page","link":"https:\/\/edelegant.eu\/?page_id=170","title":{"rendered":"AGB- Verbraucher"},"content":{"rendered":"\n<h4 class=\"wp-block-heading\">Allgemeine Gesch\u00e4ftsbedingungen<\/h4>\n\n\n\n<h5 class=\"wp-block-heading\">\u00a7 1 Geltung, Begriffsdefinitionen<\/h5>\n\n\n\n<p class=\"has-normal-font-size\">(1) Edelegant GmbH, Edelegant GmbH, Wendenstra\u00dfe 309, 20537 Hamburg, Deutschland (im Folgenden: \u201ewir\u201c oder \u201eEdelegant &#8211; Shop\u201c) betreibt unter der Webseite https:\/\/edelegant.eu\/edelagantshop einen <a href=\"https:\/\/edelegant.eu\/?page_id=86\" data-type=\"page\" data-id=\"86\">Online-Shop<\/a> f\u00fcr Waren. Die nachfolgenden allgemeinen Gesch\u00e4ftsbedingungen gelten f\u00fcr alle Leistungen zwischen uns und unseren Kunden (im Folgenden: \u201eKunde\u201c oder \u201eSie\u201c) in ihrer zum Zeitpunkt der Bestellung g\u00fcltigen Fassung, soweit nicht etwas anderes ausdr\u00fccklich vereinbart wurde.<\/p>\n\n\n\n<p class=\"has-normal-font-size\">(2) \u201eVerbraucher\u201c im Sinne dieser Gesch\u00e4ftsbedingungen ist jede nat\u00fcrliche Person, die ein Rechtsgesch\u00e4ft zu Zwecken abschlie\u00dft, die \u00fcberwiegend weder ihrer gewerblichen noch ihrer selbst\u00e4ndigen beruflichen T\u00e4tigkeit zugerechnet werden k\u00f6nnen. \u201eUnternehmer\u201c ist eine nat\u00fcrliche oder juristische Person oder eine rechtsf\u00e4hige Personengesellschaft, die bei Abschluss eines Rechtsgesch\u00e4fts in Aus\u00fcbung ihrer gewerblichen oder selbst\u00e4ndigen beruflichen T\u00e4tigkeit handelt, wobei eine rechtsf\u00e4hige Personengesellschaft eine Personengesellschaft ist, die mit der F\u00e4higkeit ausgestattet ist, Rechte zu erwerben und Verbindlichkeiten einzugehen.<\/p>\n\n\n\n<h5 class=\"wp-block-heading\">\u00a7 2 Zustandekommen der Vertr\u00e4ge, Speicherung des Vertragstextes<\/h5>\n\n\n\n<p class=\"has-normal-font-size\">(1) Die folgenden Regelungen \u00fcber den Vertragsabschluss gelten f\u00fcr Bestellungen \u00fcber unseren Online-Shop unter https:\/\/edelegant.eu\/shop.<\/p>\n\n\n\n<p class=\"has-normal-font-size\">(2) Unsere Produktdarstellungen im Internet sind unverbindlich und kein verbindliches Angebot zum Abschluss eines Vertrages.<\/p>\n\n\n\n<p class=\"has-normal-font-size\">(3) Bei Eingang einer Bestellung in unserem Online-Shop gelten folgende Regelungen: Der Kunde gibt ein bindendes Vertragsangebot ab, indem er die in unserem Online-Shop vorgesehene Bestellprozedur erfolgreich durchl\u00e4uft. Die Bestellung erfolgt in folgenden Schritten:<\/p>\n\n\n\n<ol class=\"wp-block-list\">\n<li class=\"has-normal-font-size\">Auswahl der gew\u00fcnschten Ware,<\/li>\n\n\n\n<li class=\"has-normal-font-size\">Hinzuf\u00fcgen der Produkte durch Anklicken des entsprechenden Buttons (z.B. \u201eIn den Warenkorb\u201c, \u201eIn die Einkaufstasche\u201c o.\u00e4.),<\/li>\n\n\n\n<li class=\"has-normal-font-size\">Pr\u00fcfung der Angaben im Warenkorb,<\/li>\n\n\n\n<li class=\"has-normal-font-size\">Aufrufen der Bestell\u00fcbersicht durch Anklicken des entsprechenden Buttons (z.B. \u201eWeiter zur Kasse\u201c, \u201eWeiter zur Zahlung\u201c, \u201eZur Bestell\u00fcbersicht\u201c o.\u00e4.),<\/li>\n\n\n\n<li class=\"has-normal-font-size\">Eingabe\/Pr\u00fcfung der Adress- und Kontaktdaten, Auswahl der Zahlungsart, Best\u00e4tigung der AGB und Widerrufsbelehrung,<\/li>\n\n\n\n<li class=\"has-normal-font-size\">Sofern die vereinbarte Beschaffenheit der Ware von deren \u00fcblichen Beschaffenheit und Verwendungsvoraussetzungen abweicht, Best\u00e4tigung einer negativen Beschaffenheitsvereinbarung,<\/li>\n\n\n\n<li class=\"has-normal-font-size\">Abschluss der Bestellung durch Bet\u00e4tigung des Buttons \u201eJetzt kaufen\u201c. Dies stellt Ihre verbindliche Bestellung dar.<\/li>\n\n\n\n<li class=\"has-normal-font-size\">Wir versenden nach der Bestellung eine automatisierte Bestellbest\u00e4tigung, mit der&nbsp; der Vertrag noch nicht zustande kommt. Der Vertrag kommt zustande, wenn wir Ihre Bestellung innerhalb von 5 Werktagen per gesonderter E-Mail ausdr\u00fccklich annehmen.<\/li>\n<\/ol>\n\n\n\n<p class=\"has-normal-font-size\">(4) Im Falle des Vertragsschlusses kommt der Vertrag mit&nbsp;Edelegant GmbH, Edelegant GmbH, Wendenstra\u00dfe 309, 20537 Hamburg, Deutschland zustande.<\/p>\n\n\n\n<p class=\"has-normal-font-size\">(5) Vor der Bestellung k\u00f6nnen die Vertragsdaten \u00fcber die Druckfunktion des Browsers ausgedruckt oder elektronisch gesichert werden. Die Abwicklung der Bestellung und \u00dcbermittlung aller im Zusammenhang mit dem Vertragsschluss erforderlichen Informationen, insbesondere der Bestelldaten, der AGB und der Widerrufsbelehrung, erfolgt per E-Mail nach dem Ausl\u00f6sen der Bestellung durch Sie, zum Teil automatisiert. Wir speichern den Vertragstext nach Vertragsschluss nicht.<\/p>\n\n\n\n<p class=\"has-normal-font-size\">(6) Eingabefehler k\u00f6nnen mittels der \u00fcblichen Tastatur-, Maus- und Browser-Funktionen (z.B. \u00bbZur\u00fcck-Button\u00ab des Browsers) berichtigt werden. Sie k\u00f6nnen auch dadurch berichtigt werden, dass Sie den Bestellvorgang vorzeitig abbrechen, das Browserfenster schlie\u00dfen und den Vorgang wiederholen.<\/p>\n\n\n\n<p class=\"has-normal-font-size\">(7) Die Abwicklung der Bestellung und \u00dcbermittlung aller im Zusammenhang mit dem Vertragsschluss erforderlichen Informationen erfolgt per E-Mail zum Teil automatisiert. Sie haben deshalb sicherzustellen, dass die von Ihnen bei uns hinterlegte E-Mail-Adresse zutreffend ist, der Empfang der E-Mails technisch sichergestellt und insbesondere nicht durch SPAM-Filter verhindert wird.<\/p>\n\n\n\n<h5 class=\"wp-block-heading\">\u00a7 3 Gegenstand des Vertrages und wesentliche Merkmale der Produkte<\/h5>\n\n\n\n<p class=\"has-normal-font-size\">(1) Bei unserem Online-Shop ist Vertragsgegenstand:<\/p>\n\n\n\n<ol class=\"wp-block-list\">\n<li class=\"has-normal-font-size\">Der Verkauf von Waren. Die konkret angebotenen Waren k\u00f6nnen Sie unseren Artikelseiten entnehmen.<\/li>\n<\/ol>\n\n\n\n<p class=\"has-normal-font-size\">(2) Die wesentlichen Merkmale der Ware finden sich in der Artikelbeschreibung. Sofern die vereinbarte Beschaffenheit der Ware von deren \u00fcblichen Beschaffenheit und Verwendungsvoraussetzungen abweicht, wird darauf in der Artikelbeschreibung ausdr\u00fccklich hingewiesen (negative Beschaffenheitsvereinbarung). Soweit der Kunde seine ausdr\u00fcckliche Einwilligung in die negative Beschaffenheitsabweichung erteilt hat, definiert diese den Vertragsgegenstand.<\/p>\n\n\n\n<h5 class=\"wp-block-heading\">\u00a7 4 Preise, Versandkosten und Lieferung<\/h5>\n\n\n\n<p class=\"has-normal-font-size\">(1) Die in den jeweiligen Angeboten angef\u00fchrten Preise sowie die Versandkosten sind Gesamtpreise und beinhalten alle Preisbestandteile einschlie\u00dflich aller anfallenden Steuern.<\/p>\n\n\n\n<p class=\"has-normal-font-size\">(2) Der jeweilige Kaufpreis ist vor der Lieferung des Produktes zu leisten (Vorkasse), es sei denn, wir bieten ausdr\u00fccklich den Kauf auf Rechnung an. Die Ihnen zur Verf\u00fcgung stehenden Zahlungsarten sind unter einer entsprechend bezeichneten Schaltfl\u00e4che im Online-Shop oder im jeweiligen Angebot ausgewiesen. Soweit bei den einzelnen Zahlungsarten nicht anders angegeben, sind die Zahlungsanspr\u00fcche sofort zur Zahlung f\u00e4llig.<\/p>\n\n\n\n<p class=\"has-normal-font-size\">(3) Zus\u00e4tzlich zu den angegebenen Preisen k\u00f6nnen f\u00fcr die Lieferung von Produkten Versandkosten anfallen, sofern der jeweilige Artikel nicht als versandkostenfrei ausgewiesen ist. Die Versandkosten werden Ihnen auf den Angeboten, ggf. im Warenkorbsystem und auf der Bestell\u00fcbersicht nochmals deutlich mitgeteilt.<\/p>\n\n\n\n<p class=\"has-normal-font-size\">(4) Alle angebotenen Produkte sind, sofern nicht in der Produktbeschreibung deutlich anders angegeben, sofort versandfertig (Lieferzeit: sofort nach dem Eingang der Zahlung).<\/p>\n\n\n\n<p class=\"has-normal-font-size\">(5) Es bestehen die folgenden Liefergebietsbeschr\u00e4nkungen: Die Lieferung erfolgt in folgende L\u00e4nder: \u00d6sterreich, Belgien, Bulgarien, Zypern, Tschechien, Deutschland, D\u00e4nemark, Estland, Spanien, Finnland, Frankreich, Griechenland, Kroatien, Ungarn, Irland, Italien, Litauen, Luxemburg, Lettland, Malta, Niederlande, Polen, Portugal, Rum\u00e4nien, Schweden, Slowenien, Slowakei.<\/p>\n\n\n\n<h5 class=\"wp-block-heading\">\u00a7 5 Zur\u00fcckbehaltungsrecht, Eigentumsvorbehalt<\/h5>\n\n\n\n<p class=\"has-normal-font-size\">(1) Ein Zur\u00fcckbehaltungsrecht k\u00f6nnen Sie nur aus\u00fcben, soweit es sich um Forderungen aus demselben Vertragsverh\u00e4ltnis handelt.<\/p>\n\n\n\n<p class=\"has-normal-font-size\">(2) Die Ware bleibt bis zur vollst\u00e4ndigen Zahlung des Kaufpreises unser Eigentum.<\/p>\n\n\n\n<h5 class=\"wp-block-heading\">\u00a7 6 Widerrufsrecht<\/h5>\n\n\n\n<p class=\"has-normal-font-size\">Als Verbraucher haben Sie ein Widerrufsrecht. Dieses richtet sich nach unserer <a href=\"https:\/\/edelegant.eu\/?page_id=196\">Widerrufsbelehrung<\/a>.<\/p>\n\n\n\n<h5 class=\"wp-block-heading\">\u00a7 7 Vertragssprache<\/h5>\n\n\n\n<p class=\"has-normal-font-size\">Als Vertragssprache steht ausschlie\u00dflich Deutsch zur Verf\u00fcgung.<\/p>\n\n\n\n<h5 class=\"wp-block-heading\">\u00a7 8&nbsp;Gew\u00e4hrleistung<\/h5>\n\n\n\n<p class=\"has-normal-font-size\">(1) Die Gew\u00e4hrleistung richtet sich nach den gesetzlichen Bestimmungen.<\/p>\n\n\n\n<p class=\"has-normal-font-size\">(2) Gegen\u00fcber Unternehmern betr\u00e4gt die Gew\u00e4hrleistungsfrist auf gelieferte Sachen 12 Monate.<\/p>\n\n\n\n<p class=\"has-normal-font-size\">(3) Als Verbraucher werden Sie gebeten, die Sache\/die digitalen G\u00fcter oder die erbrachte Dienstleistung bei Vertragserf\u00fcllung umgehend auf Vollst\u00e4ndigkeit, offensichtliche M\u00e4ngel und Transportsch\u00e4den zu \u00fcberpr\u00fcfen und uns sowie dem Spediteur Beanstandungen schnellstm\u00f6glich mitzuteilen. Kommen Sie dem nicht nach, hat dies nat\u00fcrlich keine Auswirkung auf Ihre gesetzlichen Gew\u00e4hrleistungsanspr\u00fcche.<\/p>\n\n\n\n<h5 class=\"wp-block-heading\">\u00a7 9&nbsp;Schlussbestimmungen\/Streitbeilegung<\/h5>\n\n\n\n<p class=\"has-normal-font-size\">(1) Es gilt deutsches Recht. Bei Verbrauchern gilt diese Rechtswahl nur, soweit hierdurch der durch zwingende Bestimmungen des Rechts des Staates des gew\u00f6hnlichen Aufenthaltes des Verbrauchers gew\u00e4hrte Schutz nicht entzogen wird (G\u00fcnstigkeitsprinzip).<\/p>\n\n\n\n<p class=\"has-normal-font-size\">(2) Die Bestimmungen des UN-Kaufrechts finden ausdr\u00fccklich keine Anwendung.<\/p>\n\n\n\n<p class=\"has-normal-font-size\">(3) Sofern es sich beim Kunden um einen Kaufmann, eine juristische Person des \u00f6ffentlichen Rechts oder um ein \u00f6ffentlich-rechtliches Sonderverm\u00f6gen handelt, ist Gerichtsstand f\u00fcr alle Streitigkeiten aus Vertragsverh\u00e4ltnissen zwischen dem Kunden und dem Anbieter der Sitz des Anbieters.<\/p>\n","protected":false},"excerpt":{"rendered":"<p>Allgemeine Gesch\u00e4ftsbedingungen \u00a7 1 Geltung, Begriffsdefinitionen (1) Edelegant GmbH, Edelegant GmbH, Wendenstra\u00dfe 309, 20537 Hamburg, Deutschland (im Folgenden: \u201ewir\u201c oder \u201eEdelegant &#8211; Shop\u201c) betreibt unter der Webseite https:\/\/edelegant.eu\/edelagantshop einen Online-Shop f\u00fcr Waren. Die nachfolgenden allgemeinen Gesch\u00e4ftsbedingungen gelten f\u00fcr alle Leistungen zwischen uns und unseren Kunden (im Folgenden: \u201eKunde\u201c oder \u201eSie\u201c) in ihrer zum Zeitpunkt der&hellip; <a class=\"more-link\" href=\"https:\/\/edelegant.eu\/?page_id=170\"><span class=\"screen-reader-text\">AGB- Verbraucher<\/span> weiterlesen<\/a><\/p>\n","protected":false},"author":6,"featured_media":0,"parent":0,"menu_order":0,"comment_status":"closed","ping_status":"closed","template":"","meta":{"footnotes":""},"class_list":["post-170","page","type-page","status-publish","hentry","entry"],"_links":{"self":[{"href":"https:\/\/edelegant.eu\/index.php?rest_route=\/wp\/v2\/pages\/170","targetHints":{"allow":["GET"]}}],"collection":[{"href":"https:\/\/edelegant.eu\/index.php?rest_route=\/wp\/v2\/pages"}],"about":[{"href":"https:\/\/edelegant.eu\/index.php?rest_route=\/wp\/v2\/types\/page"}],"author":[{"embeddable":true,"href":"https:\/\/edelegant.eu\/index.php?rest_route=\/wp\/v2\/users\/6"}],"replies":[{"embeddable":true,"href":"https:\/\/edelegant.eu\/index.php?rest_route=%2Fwp%2Fv2%2Fcomments&post=170"}],"version-history":[{"count":12,"href":"https:\/\/edelegant.eu\/index.php?rest_route=\/wp\/v2\/pages\/170\/revisions"}],"predecessor-version":[{"id":344,"href":"https:\/\/edelegant.eu\/index.php?rest_route=\/wp\/v2\/pages\/170\/revisions\/344"}],"wp:attachment":[{"href":"https:\/\/edelegant.eu\/index.php?rest_route=%2Fwp%2Fv2%2Fmedia&parent=170"}],"curies":[{"name":"wp","href":"https:\/\/api.w.org\/{rel}","templated":true}]}}