{"id":9,"date":"2024-04-11T16:19:03","date_gmt":"2024-04-11T14:19:03","guid":{"rendered":"http:\/\/edelegant.eu\/?page_id=9"},"modified":"2024-06-28T00:11:35","modified_gmt":"2024-06-27T22:11:35","slug":"ueber-uns","status":"publish","type":"page","link":"https:\/\/edelegant.eu\/?page_id=9","title":{"rendered":"\u00dcber uns"},"content":{"rendered":"\n<p class=\"has-normal-font-size\"><strong>Auszug aus dem Handelsregister:<\/strong><br>Edelegant GmbH ist am 25. M\u00e4rz 2024 als Firma eingetragen im Handelsregister des Amtsgerichts Hamburg HRB 185925.<\/p>\n\n\n\n<p class=\"has-normal-font-size\">Gegenstand des Unternehmens ist Import, Export, Vertrieb im Einzelhandel und Gro\u00dfhandel\/Production (Handmade) von insbesondere Dekoartikeln zur Inneneinrichtung sowie alle damit im Zusammenhang stehenden T\u00e4tigkeiten.<\/p>\n\n\n\n<p class=\"has-normal-font-size\"><strong>Gesch\u00e4ftsf\u00fchrer:<\/strong> <br>Nasser Famiani<br>und <br>Ali Adabi Zadeh,<br>beide einzelvertretungsberechtigt.<\/p>\n\n\n\n<p class=\"has-normal-font-size\"><strong>Rechtsform:<\/strong> Gesellschaft mit beschr\u00e4nkter Haftung<br>mit Gesellschaftsvertrag vom 24.01.2024<\/p>\n\n\n\n<hr class=\"wp-block-separator aligncenter has-alpha-channel-opacity is-style-default\"\/>\n\n\n\n<p class=\"has-normal-font-size\">Das Handelsregister ist auch bundesweit online mit n\u00e4heren Informationen zur Registrierung zu erreichen unter www.handelsregister.de<\/p>\n","protected":false},"excerpt":{"rendered":"<p>Auszug aus dem Handelsregister:Edelegant GmbH ist am 25. M\u00e4rz 2024 als Firma eingetragen im Handelsregister des Amtsgerichts Hamburg HRB 185925. Gegenstand des Unternehmens ist Import, Export, Vertrieb im Einzelhandel und Gro\u00dfhandel\/Production (Handmade) von insbesondere Dekoartikeln zur Inneneinrichtung sowie alle damit im Zusammenhang stehenden T\u00e4tigkeiten. Gesch\u00e4ftsf\u00fchrer: Nasser Famianiund Ali Adabi Zadeh,beide einzelvertretungsberechtigt. Rechtsform: Gesellschaft mit beschr\u00e4nkter&hellip; <a class=\"more-link\" href=\"https:\/\/edelegant.eu\/?page_id=9\"><span class=\"screen-reader-text\">\u00dcber uns<\/span> weiterlesen<\/a><\/p>\n","protected":false},"author":6,"featured_media":0,"parent":0,"menu_order":0,"comment_status":"closed","ping_status":"closed","template":"","meta":{"footnotes":""},"class_list":["post-9","page","type-page","status-publish","hentry","entry"],"_links":{"self":[{"href":"https:\/\/edelegant.eu\/index.php?rest_route=\/wp\/v2\/pages\/9","targetHints":{"allow":["GET"]}}],"collection":[{"href":"https:\/\/edelegant.eu\/index.php?rest_route=\/wp\/v2\/pages"}],"about":[{"href":"https:\/\/edelegant.eu\/index.php?rest_route=\/wp\/v2\/types\/page"}],"author":[{"embeddable":true,"href":"https:\/\/edelegant.eu\/index.php?rest_route=\/wp\/v2\/users\/6"}],"replies":[{"embeddable":true,"href":"https:\/\/edelegant.eu\/index.php?rest_route=%2Fwp%2Fv2%2Fcomments&post=9"}],"version-history":[{"count":6,"href":"https:\/\/edelegant.eu\/index.php?rest_route=\/wp\/v2\/pages\/9\/revisions"}],"predecessor-version":[{"id":282,"href":"https:\/\/edelegant.eu\/index.php?rest_route=\/wp\/v2\/pages\/9\/revisions\/282"}],"wp:attachment":[{"href":"https:\/\/edelegant.eu\/index.php?rest_route=%2Fwp%2Fv2%2Fmedia&parent=9"}],"curies":[{"name":"wp","href":"https:\/\/api.w.org\/{rel}","templated":true}]}}